{"id":9206,"date":"2025-04-23T14:07:05","date_gmt":"2025-04-23T12:07:05","guid":{"rendered":"https:\/\/www.luterbach-ag.ch\/?page_id=9206"},"modified":"2026-03-30T10:03:59","modified_gmt":"2026-03-30T08:03:59","slug":"berufsbildung","status":"publish","type":"page","link":"https:\/\/www.luterbach-ag.ch\/en\/berufsbildung\/","title":{"rendered":"Berufsbildung"},"content":{"rendered":"\t\t<div data-elementor-type=\"wp-page\" data-elementor-id=\"9206\" class=\"elementor elementor-9206\">\n\t\t\t\t\t\t<section class=\"elementor-section elementor-top-section elementor-element elementor-element-eaf43f2 elementor-section-boxed elementor-section-height-default elementor-section-height-default\" data-id=\"eaf43f2\" data-element_type=\"section\" data-e-type=\"section\">\n\t\t\t\t\t\t<div class=\"elementor-container elementor-column-gap-default\">\n\t\t\t\t\t<div class=\"elementor-column elementor-col-100 elementor-top-column elementor-element elementor-element-9d58bb4\" data-id=\"9d58bb4\" data-element_type=\"column\" data-e-type=\"column\">\n\t\t\t<div class=\"elementor-widget-wrap elementor-element-populated\">\n\t\t\t\t\t\t<div class=\"elementor-element elementor-element-354f15d elementor-widget elementor-widget-text-editor\" data-id=\"354f15d\" data-element_type=\"widget\" data-e-type=\"widget\" data-widget_type=\"text-editor.default\">\n\t\t\t\t<div class=\"elementor-widget-container\">\n\t\t\t\t\t\t\t\t\t<h2>Dein Start &#8211; unsere Leidenschaft<\/h2>\n<p>Gemeinsam Zukunft gestalten bei der e. Luterbach AG<\/p>\t\t\t\t\t\t\t\t<\/div>\n\t\t\t\t<\/div>\n\t\t\t\t\t<\/div>\n\t\t<\/div>\n\t\t\t\t\t<\/div>\n\t\t<\/section>\n\t\t\t\t<section class=\"elementor-section elementor-top-section elementor-element elementor-element-a5acdb2 elementor-section-boxed elementor-section-height-default elementor-section-height-default\" data-id=\"a5acdb2\" data-element_type=\"section\" data-e-type=\"section\">\n\t\t\t\t\t\t<div class=\"elementor-container elementor-column-gap-default\">\n\t\t\t\t\t<div class=\"elementor-column elementor-col-50 elementor-top-column elementor-element elementor-element-eaada2c\" data-id=\"eaada2c\" data-element_type=\"column\" data-e-type=\"column\">\n\t\t\t<div class=\"elementor-widget-wrap elementor-element-populated\">\n\t\t\t\t\t\t<div class=\"elementor-element elementor-element-cca16d5 elementor-widget elementor-widget-text-editor\" data-id=\"cca16d5\" data-element_type=\"widget\" data-e-type=\"widget\" data-widget_type=\"text-editor.default\">\n\t\t\t\t<div class=\"elementor-widget-container\">\n\t\t\t\t\t\t\t\t\t<h4>WARUM EINE LEHRE BEI DER E. LUTERBACH AG?<\/h4><ul><li>Spannende und abwechslungsreiche Lehrstellen in einem innovativen Industriebetrieb<\/li><li>Pers\u00f6nliche Betreuung durch erfahrene Fachkr\u00e4fte<\/li><li>Moderne Infrastruktur und vielseitige Projekte<\/li><li>Ausbildung mit Zukunft: Unsere Lernenden sind ein wichtiger Teil unseres Teams<\/li><li>Perspektiven f\u00fcr deine Zukunft \u2013 viele unserer Lernenden bleiben uns auch nach der Lehre treu<\/li><li>Bei guter betrieblichen und schulischen Leistungen erh\u00e4ltst du bei uns eine zus\u00e4tzliche monatliche Verg\u00fctung<\/li><\/ul><p>Du bist motiviert, neugierig und packst gerne mit an? Dann melde dich f\u00fcr eine Schnupperlehre!<\/p>\t\t\t\t\t\t\t\t<\/div>\n\t\t\t\t<\/div>\n\t\t\t\t<div class=\"elementor-element elementor-element-81d1d26 elementor-widget elementor-widget-text-editor\" data-id=\"81d1d26\" data-element_type=\"widget\" data-e-type=\"widget\" data-widget_type=\"text-editor.default\">\n\t\t\t\t<div class=\"elementor-widget-container\">\n\t\t\t\t\t\t\t\t\t<h4>WIR BILDEN FOLGENDE LEHRBERUFE AUS<\/h4><ul><li>Anlagen \u2013 und Apparatebauer\/in EFZ<\/li><li>Konstrukteur\/in EFZ<\/li><\/ul><p>Nebenbei: Bei uns ist die Berufsmatura willkommen.<\/p>\t\t\t\t\t\t\t\t<\/div>\n\t\t\t\t<\/div>\n\t\t\t\t<div class=\"elementor-element elementor-element-34e0cf7 elementor-widget elementor-widget-text-editor\" data-id=\"34e0cf7\" data-element_type=\"widget\" data-e-type=\"widget\" data-widget_type=\"text-editor.default\">\n\t\t\t\t<div class=\"elementor-widget-container\">\n\t\t\t\t\t\t\t\t\t<h4 data-start=\"179\" data-end=\"396\">Lehrstellen 2026<\/h4><p>F\u00fcr das Jahr 2026 sind alle Lehrstellen besetzt.\u00a0<\/p><p>M\u00f6gliche Lehrstellen f\u00fcr den Start im Sommer 2027 werden ein Jahr vorher ver\u00f6ffentlicht.\u00a0<\/p>\t\t\t\t\t\t\t\t<\/div>\n\t\t\t\t<\/div>\n\t\t\t\t<div class=\"elementor-element elementor-element-73f480f elementor-widget elementor-widget-text-editor\" data-id=\"73f480f\" data-element_type=\"widget\" data-e-type=\"widget\" data-widget_type=\"text-editor.default\">\n\t\t\t\t<div class=\"elementor-widget-container\">\n\t\t\t\t\t\t\t\t\t<h4>DEIN EINSTIEG IN DIE BERUFSWELT<\/h4><p>Eine Lehre bei der e. Luterbach AG er\u00f6ffnet dir zahlreiche M\u00f6glichkeiten \u2013 fachlich und pers\u00f6nlich. Wir begleiten dich vom ersten Tag an, fordern und f\u00f6rdern dich, und unterst\u00fctzen dich auch nach der Ausbildung bei der Planung deiner beruflichen Laufbahn.<\/p>\t\t\t\t\t\t\t\t<\/div>\n\t\t\t\t<\/div>\n\t\t\t\t<div class=\"elementor-element elementor-element-92233f2 elementor-widget elementor-widget-text-editor\" data-id=\"92233f2\" data-element_type=\"widget\" data-e-type=\"widget\" data-widget_type=\"text-editor.default\">\n\t\t\t\t<div class=\"elementor-widget-container\">\n\t\t\t\t\t\t\t\t\t<h4>UNSER ANGEBOT F\u00dcR LERNENDE<\/h4><ul><li>5 Wochen Ferien pro Lehrjahr<\/li><li>42.5-Stunden-Woche im Gleitzeitmodell (inklusive 20 Minuten bezahlte Pause am Tag)<\/li><li>Faire L\u00f6hne:<ul><li>1. Lehrjahr: CHF 700.\u2013<\/li><li>2.\u00a0Lehrjahr: CHF 850.\u2013<\/li><li>3.\u00a0Lehrjahr: CHF 1\u2019100.\u2013<\/li><li>4.\u00a0Lehrjahr: CHF 1\u2019400.\u2013<\/li><li>Variabler Lohnanteil f\u00fcr gute Leistungen<\/li><li>13. Monatslohn<\/li><\/ul><\/li><\/ul>\t\t\t\t\t\t\t\t<\/div>\n\t\t\t\t<\/div>\n\t\t\t\t\t<\/div>\n\t\t<\/div>\n\t\t\t\t<div class=\"elementor-column elementor-col-50 elementor-top-column elementor-element elementor-element-f22d13c\" data-id=\"f22d13c\" data-element_type=\"column\" data-e-type=\"column\" data-settings=\"{&quot;background_background&quot;:&quot;gradient&quot;}\">\n\t\t\t<div class=\"elementor-widget-wrap elementor-element-populated\">\n\t\t\t\t\t\t<div class=\"elementor-element elementor-element-e4dcc8c elementor-widget elementor-widget-text-editor\" data-id=\"e4dcc8c\" data-element_type=\"widget\" data-e-type=\"widget\" data-widget_type=\"text-editor.default\">\n\t\t\t\t<div class=\"elementor-widget-container\">\n\t\t\t\t\t\t\t\t\t<section style=\"background-color: #a5a5a5; color: white;\"><h4 style=\"color: white;\">SO GELINGT DEINE BERUFSWAHL<\/h4><h5 style=\"color: white;\">5.\/6. PRIMARSTUFE \u2013 NATIONALER ZUKUNFTSTAG<\/h5><p><b style=\"color: white;\">Datum: Donnerstag, 12. November 2026<\/b><\/p><p>Bei uns kannst du erste Einblicke in die Technik und Produktion gewinnen \u2013 spielerisch, kreativ und praxisnah. Begleite dein eigenes Projekt von der Konstruktion bis zur Produktion.<\/p><h5 style=\"color: white;\">1.\/2. Oberstufe \u2013 Schnupperlehre<\/h5><p>Lerne deinen m\u00f6glichen Traumberuf kennen! In einer dreit\u00e4gigen Schnupperlehre lernst du den Berufsalltag aus erster Hand kennen \u2013 durch aktives Mitwirken.<\/p><p>Bitte sende uns eine Bewerbung mit folgenden Unterlagen:<\/p><ul style=\"color: white;\"><li>Motivationsschreiben<\/li><li>Lebenslauf mit Foto<\/li><\/ul><h5 style=\"color: white;\">\u00a0<\/h5><h5 style=\"color: white;\">Ab Ende 2. Oberstufe \u2013 Bewerbung f\u00fcr die Lehrstelle<\/h5><p>Bereit f\u00fcr den n\u00e4chsten Schritt? Dann freuen wir uns auf deine Bewerbung per Mail, mit folgenden Unterlagen:<\/p><ul style=\"color: white;\"><li>Motivationsschreiben<\/li><li>Lebenslauf mit Foto<\/li><li>Letztes Zeugnis der 2. Oberstufe<\/li><li>Beurteilungen aus Schnupperlehren (falls vorhanden)<\/li><\/ul><p>\u00a0<\/p><h5 style=\"color: white;\">\u00a0<\/h5><h5 style=\"color: white;\">Haben wir dein Interesse geweckt?<\/h5><p>Dann sende bitte deine vollst\u00e4ndige Bewerbung an C\u00e9line Steinmann (steinmann@luterbach-ag.ch).<\/p><\/section>\t\t\t\t\t\t\t\t<\/div>\n\t\t\t\t<\/div>\n\t\t\t\t\t<\/div>\n\t\t<\/div>\n\t\t\t\t\t<\/div>\n\t\t<\/section>\n\t\t\t\t<\/div>\n\t\t","protected":false},"excerpt":{"rendered":"<p>Dein Start &#8211; unsere Leidenschaft Gemeinsam Zukunft gestalten bei der e. Luterbach AG WARUM EINE LEHRE BEI DER E. LUTERBACH AG? Spannende&hellip;<\/p>\n","protected":false},"author":12,"featured_media":0,"parent":0,"menu_order":0,"comment_status":"closed","ping_status":"closed","template":"","meta":{"footnotes":""},"class_list":["post-9206","page","type-page","status-publish","hentry"],"_links":{"self":[{"href":"https:\/\/www.luterbach-ag.ch\/en\/wp-json\/wp\/v2\/pages\/9206","targetHints":{"allow":["GET"]}}],"collection":[{"href":"https:\/\/www.luterbach-ag.ch\/en\/wp-json\/wp\/v2\/pages"}],"about":[{"href":"https:\/\/www.luterbach-ag.ch\/en\/wp-json\/wp\/v2\/types\/page"}],"author":[{"embeddable":true,"href":"https:\/\/www.luterbach-ag.ch\/en\/wp-json\/wp\/v2\/users\/12"}],"replies":[{"embeddable":true,"href":"https:\/\/www.luterbach-ag.ch\/en\/wp-json\/wp\/v2\/comments?post=9206"}],"version-history":[{"count":67,"href":"https:\/\/www.luterbach-ag.ch\/en\/wp-json\/wp\/v2\/pages\/9206\/revisions"}],"predecessor-version":[{"id":9882,"href":"https:\/\/www.luterbach-ag.ch\/en\/wp-json\/wp\/v2\/pages\/9206\/revisions\/9882"}],"wp:attachment":[{"href":"https:\/\/www.luterbach-ag.ch\/en\/wp-json\/wp\/v2\/media?parent=9206"}],"curies":[{"name":"wp","href":"https:\/\/api.w.org\/{rel}","templated":true}]}}