{"id":1692,"date":"2019-12-23T10:08:49","date_gmt":"2019-12-23T09:08:49","guid":{"rendered":"https:\/\/www.luterbach-ag.ch\/?page_id=1692"},"modified":"2025-04-23T14:43:35","modified_gmt":"2025-04-23T12:43:35","slug":"karriere","status":"publish","type":"page","link":"https:\/\/www.luterbach-ag.ch\/en\/karriere\/","title":{"rendered":"Karriere"},"content":{"rendered":"\t\t<div data-elementor-type=\"wp-page\" data-elementor-id=\"1692\" class=\"elementor elementor-1692\">\n\t\t\t\t\t\t<section class=\"elementor-section elementor-top-section elementor-element elementor-element-9f66d79 elementor-section-boxed elementor-section-height-default elementor-section-height-default\" data-id=\"9f66d79\" data-element_type=\"section\" data-e-type=\"section\">\n\t\t\t\t\t\t<div class=\"elementor-container elementor-column-gap-default\">\n\t\t\t\t\t<div class=\"elementor-column elementor-col-100 elementor-top-column elementor-element elementor-element-a6610b5\" data-id=\"a6610b5\" data-element_type=\"column\" data-e-type=\"column\">\n\t\t\t<div class=\"elementor-widget-wrap elementor-element-populated\">\n\t\t\t\t\t\t<div class=\"elementor-element elementor-element-d5b79c0 elementor-widget elementor-widget-text-editor\" data-id=\"d5b79c0\" data-element_type=\"widget\" data-e-type=\"widget\" data-widget_type=\"text-editor.default\">\n\t\t\t\t<div class=\"elementor-widget-container\">\n\t\t\t\t\t\t\t\t\t<h2>Aktuelle Stellenangebote<\/h2>\t\t\t\t\t\t\t\t<\/div>\n\t\t\t\t<\/div>\n\t\t\t\t<div class=\"elementor-element elementor-element-04a7d30 elementor-widget elementor-widget-text-editor\" data-id=\"04a7d30\" data-element_type=\"widget\" data-e-type=\"widget\" data-widget_type=\"text-editor.default\">\n\t\t\t\t<div class=\"elementor-widget-container\">\n\t\t\t\t\t\t\t\t\t<p>Die aktuellen Jobangebote finden Sie hier: <a href=\"https:\/\/www.luterbach-ag.ch\/stellenanzeigen\/\" target=\"_blank\" rel=\"noopener\">Stellenanzeigen<\/a><\/p>\t\t\t\t\t\t\t\t<\/div>\n\t\t\t\t<\/div>\n\t\t\t\t<div class=\"elementor-element elementor-element-d51ca0e elementor-widget elementor-widget-heading\" data-id=\"d51ca0e\" data-element_type=\"widget\" data-e-type=\"widget\" data-widget_type=\"heading.default\">\n\t\t\t\t<div class=\"elementor-widget-container\">\n\t\t\t\t\t<h2 class=\"elementor-heading-title elementor-size-default\"><span style=\", sans-serif;font-size: 2.25rem\">BerufsBILDUNG \/ LEHRSTELLEN<\/span><\/h2>\t\t\t\t<\/div>\n\t\t\t\t<\/div>\n\t\t\t\t<div class=\"elementor-element elementor-element-101b975 elementor-widget elementor-widget-text-editor\" data-id=\"101b975\" data-element_type=\"widget\" data-e-type=\"widget\" data-widget_type=\"text-editor.default\">\n\t\t\t\t<div class=\"elementor-widget-container\">\n\t\t\t\t\t\t\t\t\t<p><span style=\"font-size: inherit;\">Wir sind \u00fcberzeugt, dass eine solide Grundausbildung die Basis f\u00fcr ein erfolgreiches Berufsleben ist. Aus diesem Grund f\u00f6rdern wir junge Menschen in der\u00a0praxisnahen Berufslehre. <\/span><span lang=\"DE\" style=\"font-size: inherit;\">10% unserer Mitarbeiter\/innen sind Lernende.<\/span><\/p><p>Weitere Informationen zur Berufsbildung finden Sie <a href=\"https:\/\/www.luterbach-ag.ch\/berufsbildung\/\" target=\"_blank\" rel=\"noopener\">hier<\/a>. <\/p>\t\t\t\t\t\t\t\t<\/div>\n\t\t\t\t<\/div>\n\t\t\t\t<div class=\"elementor-element elementor-element-7006355 elementor-widget elementor-widget-text-editor\" data-id=\"7006355\" data-element_type=\"widget\" data-e-type=\"widget\" data-widget_type=\"text-editor.default\">\n\t\t\t\t<div class=\"elementor-widget-container\">\n\t\t\t\t\t\t\t\t\t<h2>Duales Studium<\/h2><p>Sie haben eine solide Grundausbildung und Erfahrungen im Berufsleben gesammelt? Sie m\u00f6chten sich nun weiterbilden? Mit einem praxisnahen Studium an der Hochschule Luzern HSLU erhalten Sie das n\u00f6tige Werkzeug f\u00fcr eine erfolgreiche Karriere im technischen Bereich!<\/p><p>Sie arbeiten 60% in unserer Firma und studieren parallel. Dadurch haben Sie auch keinen Unterbruch beim Einkommen.<\/p><p>Melden Sie sich! Wir freuen uns auf Ihre Bewerbung.<\/p><p>\u00a0<\/p><h2><span style=\"color: #003087; font-family: Krub, -apple-system, BlinkMacSystemFont, 'Segoe UI', Roboto, Oxygen, Ubuntu, Cantarell, 'Fira Sans', 'Droid Sans', 'Helvetica Neue', sans-serif; font-size: 2.25rem; text-transform: uppercase;\">praktikum\u00a0<\/span><\/h2><p>Sie studieren bereits und d\u00fcrfen ein Praktikum absolvieren?<br \/>Gerne besprechen wir mit Ihnen die M\u00f6glichkeiten bei uns im technischen oder kaufm\u00e4nnischen Bereich Ihr theoretisches Wissen einzubringen.<br \/>Idealerweise\u00a0dauert ein Praktikum zwischen 2 und 12 Monaten.<\/p><p>\u00a0<\/p><h2><span style=\"color: #003087; font-family: Krub, -apple-system, BlinkMacSystemFont, 'Segoe UI', Roboto, Oxygen, Ubuntu, Cantarell, 'Fira Sans', 'Droid Sans', 'Helvetica Neue', sans-serif; font-size: 2.25rem; text-transform: uppercase;\">Semester-, Bachelorarbeiten und masterthesis\u00a0<\/span><\/h2><p><span style=\"font-size: inherit;\">Sie wollen mit Ihrem Wissen\u00a0uns und die Dozenten \u00fcberzeugen? <br \/><\/span><\/p><p>Wir haben immer wieder technische Fragestellungen, die Sie gerne bearbeiten k\u00f6nnen. <br \/>Nehmen Sie doch gleich mit unserem <span lang=\"EN-GB\"><span lang=\"DE-CH\">Leiter Technik &amp; Entwicklung <\/span><\/span>Kontakt auf!<\/p>\t\t\t\t\t\t\t\t<\/div>\n\t\t\t\t<\/div>\n\t\t\t\t\t<\/div>\n\t\t<\/div>\n\t\t\t\t\t<\/div>\n\t\t<\/section>\n\t\t\t\t<\/div>\n\t\t","protected":false},"excerpt":{"rendered":"<p>Aktuelle Stellenangebote Die aktuellen Jobangebote finden Sie hier: Stellenanzeigen BerufsBILDUNG \/ LEHRSTELLEN Wir sind \u00fcberzeugt, dass eine solide Grundausbildung die Basis f\u00fcr&hellip;<\/p>\n","protected":false},"author":5,"featured_media":0,"parent":0,"menu_order":0,"comment_status":"closed","ping_status":"closed","template":"","meta":{"footnotes":""},"class_list":["post-1692","page","type-page","status-publish","hentry"],"_links":{"self":[{"href":"https:\/\/www.luterbach-ag.ch\/en\/wp-json\/wp\/v2\/pages\/1692","targetHints":{"allow":["GET"]}}],"collection":[{"href":"https:\/\/www.luterbach-ag.ch\/en\/wp-json\/wp\/v2\/pages"}],"about":[{"href":"https:\/\/www.luterbach-ag.ch\/en\/wp-json\/wp\/v2\/types\/page"}],"author":[{"embeddable":true,"href":"https:\/\/www.luterbach-ag.ch\/en\/wp-json\/wp\/v2\/users\/5"}],"replies":[{"embeddable":true,"href":"https:\/\/www.luterbach-ag.ch\/en\/wp-json\/wp\/v2\/comments?post=1692"}],"version-history":[{"count":13,"href":"https:\/\/www.luterbach-ag.ch\/en\/wp-json\/wp\/v2\/pages\/1692\/revisions"}],"predecessor-version":[{"id":9313,"href":"https:\/\/www.luterbach-ag.ch\/en\/wp-json\/wp\/v2\/pages\/1692\/revisions\/9313"}],"wp:attachment":[{"href":"https:\/\/www.luterbach-ag.ch\/en\/wp-json\/wp\/v2\/media?parent=1692"}],"curies":[{"name":"wp","href":"https:\/\/api.w.org\/{rel}","templated":true}]}}